{"id":1297,"date":"2022-02-13T01:10:06","date_gmt":"2022-02-13T00:10:06","guid":{"rendered":"https:\/\/ljof.ba\/accuracy-landing-kosaca\/"},"modified":"2025-03-31T13:55:21","modified_gmt":"2025-03-31T11:55:21","slug":"accuracy-landing-kosaca","status":"publish","type":"page","link":"https:\/\/ljof.ba\/en\/program\/accuracy-landing-kosaca\/","title":{"rendered":"ACCURACY LANDING \u201eKOSA\u010cA\u201c"},"content":{"rendered":"<p>[et_pb_section fb_built=&#8221;1&#8243; custom_padding_last_edited=&#8221;off|desktop&#8221; admin_label=&#8221;Header&#8221; _builder_version=&#8221;4.14.7&#8243; _module_preset=&#8221;default&#8221; background_color=&#8221;#7FBE69&#8243; background_color_gradient_start=&#8221;#7fbe69&#8243; background_color_gradient_end=&#8221;rgba(0,0,0,0)&#8221; background_color_gradient_direction=&#8221;90deg&#8221; background_enable_image=&#8221;off&#8221; module_alignment=&#8221;center&#8221; custom_padding=&#8221;1vw||1vw||false|false&#8221; custom_padding_tablet=&#8221;120px||120px||true|false&#8221; custom_padding_phone=&#8221;80px||80px||true|false&#8221; scroll_vertical_motion_enable=&#8221;off&#8221; scroll_scaling_enable=&#8221;off&#8221; scroll_scaling=&#8221;0|50|50|100|90%|100%|115%&#8221; motion_trigger_start=&#8221;top&#8221; background_color_phone=&#8221;#7FBE69&#8243; background_last_edited=&#8221;on|tablet&#8221; background_enable_color_phone=&#8221;on&#8221; use_background_color_gradient_phone=&#8221;off&#8221; background_color_gradient_start_position_tablet=&#8221;60%&#8221; background_color_gradient_end_position_tablet=&#8221;60%&#8221; background_enable_image_phone=&#8221;off&#8221; locked=&#8221;off&#8221; global_colors_info=&#8221;{}&#8221;][et_pb_row _builder_version=&#8221;4.14.7&#8243; _module_preset=&#8221;default&#8221; locked=&#8221;off&#8221; global_colors_info=&#8221;{}&#8221;][et_pb_column type=&#8221;4_4&#8243; _builder_version=&#8221;4.14.7&#8243; _module_preset=&#8221;default&#8221; global_colors_info=&#8221;{}&#8221;][et_pb_text _builder_version=&#8221;4.14.7&#8243; _dynamic_attributes=&#8221;content&#8221; text_font=&#8221;||||||||&#8221; header_font=&#8221;|800|on|on|||||&#8221; header_text_align=&#8221;left&#8221; header_text_color=&#8221;#FFFFFF&#8221; header_font_size=&#8221;56px&#8221; header_letter_spacing=&#8221;1px&#8221; header_line_height=&#8221;1.5em&#8221; header_2_font=&#8221;|800|on|on|||||&#8221; header_2_text_align=&#8221;left&#8221; header_2_text_color=&#8221;#FFFFFF&#8221; header_2_font_size=&#8221;56px&#8221; header_2_letter_spacing=&#8221;1px&#8221; header_2_line_height=&#8221;1.5em&#8221; transform_translate_linked=&#8221;off&#8221; max_width=&#8221;100%&#8221; max_width_tablet=&#8221;70%&#8221; max_width_last_edited=&#8221;off|phone&#8221; header_font_size_tablet=&#8221;40px&#8221; header_font_size_phone=&#8221;32px&#8221; header_font_size_last_edited=&#8221;on|desktop&#8221; header_2_font_size_tablet=&#8221;40px&#8221; header_2_font_size_phone=&#8221;32px&#8221; header_2_font_size_last_edited=&#8221;on|desktop&#8221; global_colors_info=&#8221;{}&#8221;]@ET-DC@eyJkeW5hbWljIjp0cnVlLCJjb250ZW50IjoicG9zdF90aXRsZSIsInNldHRpbmdzIjp7ImJlZm9yZSI6IjxoMT4iLCJhZnRlciI6IjwvaDE+IiwiZW5hYmxlX2h0bWwiOiJvZmYifX0=@[\/et_pb_text][\/et_pb_column][\/et_pb_row][\/et_pb_section][et_pb_section fb_built=&#8221;1&#8243; custom_padding_last_edited=&#8221;on|tablet&#8221; admin_label=&#8221;Video&#8221; _builder_version=&#8221;4.14.7&#8243; _module_preset=&#8221;default&#8221; background_image=&#8221;https:\/\/ljof.ba\/wp-content\/uploads\/tennis-club-031.png&#8221; background_position=&#8221;bottom_center&#8221; custom_padding=&#8221;30px||60px||false|false&#8221; custom_padding_tablet=&#8221;0px||30px||false|false&#8221; custom_padding_phone=&#8221;0px||30px||false|false&#8221; global_colors_info=&#8221;{}&#8221;][et_pb_row column_structure=&#8221;3_5,2_5&#8243; use_custom_gutter=&#8221;on&#8221; gutter_width=&#8221;3&#8243; _builder_version=&#8221;4.14.7&#8243; locked=&#8221;off&#8221; global_colors_info=&#8221;{}&#8221;][et_pb_column type=&#8221;3_5&#8243; _builder_version=&#8221;3.25&#8243; custom_padding=&#8221;|||&#8221; global_colors_info=&#8221;{}&#8221; custom_padding__hover=&#8221;|||&#8221;][et_pb_image src=&#8221;https:\/\/ljof.ba\/wp-content\/uploads\/paraglidingNaslovna.jpg&#8221; title_text=&#8221;paraglidingNaslovna&#8221; _builder_version=&#8221;4.14.8&#8243; global_colors_info=&#8221;{}&#8221;][\/et_pb_image][\/et_pb_column][et_pb_column type=&#8221;2_5&#8243; _builder_version=&#8221;3.25&#8243; custom_padding=&#8221;|||&#8221; global_colors_info=&#8221;{}&#8221; custom_padding__hover=&#8221;|||&#8221;][et_pb_text _builder_version=&#8221;4.14.8&#8243; _module_preset=&#8221;default&#8221; hover_enabled=&#8221;0&#8243; global_colors_info=&#8221;{}&#8221; sticky_enabled=&#8221;0&#8243;]<\/p>\n<p><strong>Date and time of the event:<\/strong> Saturday 24.5. \u2013 9:00 a.m<br \/><strong>Start &#8211; Finish:<\/strong> Paragliding takeoff point &#8220;Obale&#8221; Radi\u0161i\u0107i &#8211; LJUBU\u0160KO POLJE<br \/><strong>Age:<\/strong> 18+<\/p>\n<p><strong>Applications: until 10.5.<\/strong><\/p>\n<p>[\/et_pb_text][et_pb_button button_url=&#8221;https:\/\/gb3timing.com\/dogadjaj\/ljubuski-outdoor-festival-2025\/&#8221; url_new_window=&#8221;on&#8221; button_text=&#8221;Prijavi se&#8221; module_id=&#8221;prijaviSeButton&#8221; _builder_version=&#8221;4.14.8&#8243; _module_preset=&#8221;default&#8221; custom_button=&#8221;on&#8221; button_text_size=&#8221;18px&#8221; button_text_color=&#8221;#FFFFFF&#8221; button_bg_color=&#8221;#7FBE69&#8243; button_border_color=&#8221;RGBA(255,255,255,0)&#8221; button_border_radius=&#8221;0px&#8221; button_letter_spacing=&#8221;0px&#8221; button_font=&#8221;|||on|||||&#8221; button_use_icon=&#8221;off&#8221; custom_margin=&#8221;||||false|false&#8221; custom_padding=&#8221;10px|55px|10px|55px|false|false&#8221; hover_enabled=&#8221;0&#8243; locked=&#8221;off&#8221; global_colors_info=&#8221;{}&#8221; button_bg_color__hover_enabled=&#8221;on|hover&#8221; button_bg_color__hover=&#8221;#6D9ACE&#8221; button_bg_enable_color__hover=&#8221;on&#8221; button_border_radius__hover_enabled=&#8221;on|hover&#8221; button_border_radius__hover=&#8221;15px&#8221; sticky_enabled=&#8221;0&#8243;][\/et_pb_button][\/et_pb_column][\/et_pb_row][et_pb_row _builder_version=&#8221;4.14.8&#8243; _module_preset=&#8221;default&#8221; global_colors_info=&#8221;{}&#8221;][et_pb_column type=&#8221;4_4&#8243; _builder_version=&#8221;4.14.8&#8243; _module_preset=&#8221;default&#8221; global_colors_info=&#8221;{}&#8221;][et_pb_text _builder_version=&#8221;4.14.8&#8243; _module_preset=&#8221;7e815e5b-c042-4930-9f47-86f0425bfee6&#8243; header_font=&#8221;||||||||&#8221; header_4_text_color=&#8221;#403D3D&#8221; custom_padding=&#8221;||4px||false|false&#8221; header_4_font_size_tablet=&#8221;14px&#8221; header_4_font_size_phone=&#8221;12px&#8221; header_4_font_size_last_edited=&#8221;off|desktop&#8221; locked=&#8221;off&#8221; global_colors_info=&#8221;{}&#8221;]<\/p>\n<p>Precision landing is a competition in which flyers try to be as accurate as possible in several consecutive series.<br \/> more precise when landing on a marked spot on the landing field. Competitors in this discipline will be experienced flyers<br \/> from the Ljubu\u0161ki paragliding club and other clubs from the region. <\/p>\n<p>The view of the Ljubu\u0161ki sky full of colorful flyers will leave you breathless. Come to LJOF and enjoy the exciting &#8220;KOSA\u010c&#8221; competition. See you!  <\/p>\n<p>[\/et_pb_text][\/et_pb_column][\/et_pb_row][et_pb_row column_structure=&#8221;1_2,1_2&#8243; _builder_version=&#8221;4.14.7&#8243; _module_preset=&#8221;default&#8221; global_colors_info=&#8221;{}&#8221;][et_pb_column type=&#8221;1_2&#8243; _builder_version=&#8221;4.14.7&#8243; _module_preset=&#8221;default&#8221; global_colors_info=&#8221;{}&#8221;][et_pb_accordion open_toggle_text_color=&#8221;#403D3D&#8221; closed_toggle_background_color=&#8221;#7FBE69&#8243; icon_color=&#8221;#FFFFFF&#8221; _builder_version=&#8221;4.14.8&#8243; _module_preset=&#8221;default&#8221; toggle_text_color=&#8221;#FFFFFF&#8221; toggle_font=&#8221;|600|||||||&#8221; toggle_font_size=&#8221;18px&#8221; hover_enabled=&#8221;0&#8243; global_colors_info=&#8221;{}&#8221; icon_color__hover_enabled=&#8221;on|hover&#8221; icon_color__hover=&#8221;#FFFFFF&#8221; sticky_enabled=&#8221;0&#8243;][et_pb_accordion_item title=&#8221;Important information&#8221; open=&#8221;on&#8221; _builder_version=&#8221;4.14.8&#8243; _module_preset=&#8221;default&#8221; hover_enabled=&#8221;0&#8243; global_colors_info=&#8221;{}&#8221; sticky_enabled=&#8221;0&#8243;]<\/p>\n<ul>\n<li><strong><span>Pick up of starting packages: Saturday, May 24th from 9:00am \u2013 Ljubu\u0161ko polje &#8211; landing area <\/span><\/strong><\/li>\n<li><span>The gathering of competitors in the precision landing &#8220;Mower&#8221; is scheduled for Saturday, May 24th. at 9:00 a.m<\/span><\/li>\n<li><span>Meeting location \u2013 arranged landing site on Ljubu\u0161ko Polje<\/span><\/li>\n<li><span>The airstrip on the western part of Butorovice in Radi\u0161i\u0107i (&#8220;Obale&#8221; Paragliding airstrip Radi\u0161i\u0107i)<\/span><\/li>\n<li><span>Competition will take place in two \/ three series depending on the weather conditions<\/span><\/li>\n<li><span>Transportation for pilots is provided by the organizers<\/span><\/li>\n<li><span>The winner will be announced on Saturday, May 24th. at 21:00 at the Kravica waterfall<\/span><\/li>\n<\/ul>\n<p>[\/et_pb_accordion_item][\/et_pb_accordion][et_pb_code _builder_version=&#8221;4.14.7&#8243; _module_preset=&#8221;default&#8221; global_colors_info=&#8221;{}&#8221;]<script><!-- [et_pb_line_break_holder] -->jQuery(function($){<!-- [et_pb_line_break_holder] -->    $('.et_pb_accordion .et_pb_toggle_open').addClass('et_pb_toggle_close').removeClass('et_pb_toggle_open');<!-- [et_pb_line_break_holder] --><!-- [et_pb_line_break_holder] -->    $('.et_pb_accordion .et_pb_toggle').click(function() {<!-- [et_pb_line_break_holder] -->      $this = $(this);<!-- [et_pb_line_break_holder] -->      setTimeout(function(){<!-- [et_pb_line_break_holder] -->         $this.closest('.et_pb_accordion').removeClass('et_pb_accordion_toggling');<!-- [et_pb_line_break_holder] -->      },700);<!-- [et_pb_line_break_holder] -->    });<!-- [et_pb_line_break_holder] -->});<!-- [et_pb_line_break_holder] --><\/script><!-- [et_pb_line_break_holder] --><script><!-- [et_pb_line_break_holder] -->jQuery(function($){<!-- [et_pb_line_break_holder] -->  $('.et_pb_toggle_title').click(function(){<!-- [et_pb_line_break_holder] -->    var $toggle = $(this).closest('.et_pb_toggle');<!-- [et_pb_line_break_holder] -->    if (!$toggle.hasClass('et_pb_accordion_toggling')) {<!-- [et_pb_line_break_holder] -->      var $accordion = $toggle.closest('.et_pb_accordion');<!-- [et_pb_line_break_holder] -->      if ($toggle.hasClass('et_pb_toggle_open')) {<!-- [et_pb_line_break_holder] -->        $accordion.addClass('et_pb_accordion_toggling');<!-- [et_pb_line_break_holder] -->        $toggle.find('.et_pb_toggle_content').slideToggle(700, function() { <!-- [et_pb_line_break_holder] -->          $toggle.removeClass('et_pb_toggle_open').addClass('et_pb_toggle_close'); <!-- [et_pb_line_break_holder] -->\t\t\t\t\t<!-- [et_pb_line_break_holder] -->        });<!-- [et_pb_line_break_holder] -->      }<!-- [et_pb_line_break_holder] -->      setTimeout(function(){ <!-- [et_pb_line_break_holder] -->        $accordion.removeClass('et_pb_accordion_toggling'); <!-- [et_pb_line_break_holder] -->      }, 750);<!-- [et_pb_line_break_holder] -->    }<!-- [et_pb_line_break_holder] -->  });<!-- [et_pb_line_break_holder] -->});<!-- [et_pb_line_break_holder] --><\/script>[\/et_pb_code][\/et_pb_column][et_pb_column type=&#8221;1_2&#8243; _builder_version=&#8221;4.14.7&#8243; _module_preset=&#8221;default&#8221; global_colors_info=&#8221;{}&#8221;][et_pb_accordion open_toggle_text_color=&#8221;#403D3D&#8221; closed_toggle_background_color=&#8221;#7FBE69&#8243; icon_color=&#8221;#FFFFFF&#8221; _builder_version=&#8221;4.14.8&#8243; _module_preset=&#8221;default&#8221; toggle_text_color=&#8221;#FFFFFF&#8221; toggle_font=&#8221;|600|||||||&#8221; toggle_font_size=&#8221;18px&#8221; custom_margin_tablet=&#8221;-50px||||false|false&#8221; custom_margin_phone=&#8221;-50px||||false|false&#8221; custom_margin_last_edited=&#8221;on|tablet&#8221; global_colors_info=&#8221;{}&#8221; icon_color__hover_enabled=&#8221;on|hover&#8221; icon_color__hover=&#8221;#FFFFFF&#8221;][et_pb_accordion_item title=&#8221;REGISTRATION FEE AND PAYMENTS&#8221; open=&#8221;on&#8221; _builder_version=&#8221;4.14.8&#8243; _module_preset=&#8221;default&#8221; global_colors_info=&#8221;{}&#8221; toggle_font=&#8221;|||on|||||&#8221;]<\/p>\n<ul>\n<li>REGISTRATION FEE INCLUDES:\n<ul>\n<li>Race registration<\/li>\n<li>Official shirt<\/li>\n<li>Refresh during the race and a free meal<\/li>\n<li>Finishing medal<\/li>\n<li>Eco friendly bag<\/li>\n<li>Free visit to the Kravica waterfall and the museum on Humac during the festival<\/li>\n<li>Sponsor gifts<\/li>\n<\/ul>\n<p>PAYMENT :<\/p>\n<ul>\n<li>Entry fee\n<ul>\n<li>After registering for the race, it is necessary to pay the registration fee in the amount of <strong>30 KM<\/strong><\/li>\n<li>Applications until 10.5.<\/li>\n<li>Applications out of date will not be considered<\/li>\n<li>All competitors by confirming the application agree to the rules of participation set by the organizers, which are within the application form<\/li>\n<li><strong>The number of participants is limited<\/strong><\/li>\n<\/ul>\n<\/li>\n<\/ul>\n<p><strong> <\/strong><\/p>\n<ul>\n<li><strong>Payments from BiH<br \/>\n<\/strong><\/p>\n<ul>\n<li><a href=\"https:\/\/ljof.ba\/wp-content\/uploads\/uplatnica-scaled.jpg\" target=\"_blank\" rel=\"noopener\">Example of a payment slip<\/a><\/li>\n<li>Registration fee for the race<\/li>\n<li>JP Parkovi d.o.o. Ljubu\u0161ki<\/li>\n<li>Account number: 1 5 4 4 6 0 2 0 0 8 0 8 9 1 3 3<\/li>\n<\/ul>\n<p><strong>Payments from abroad<br \/>\n<\/strong><\/p>\n<ul>\n<li>Intesa Sanpaolo Banka d.d. Bosna i Hercegovina<\/li>\n<li>Swift code \u2013 UPBKBA22<\/li>\n<li>Address \u2013 Obala Kulina bana 9a, 71000 Sarajevo<\/li>\n<li>IBAN CODE \u2013 BA391544602008089133<\/li>\n<\/ul>\n<p><strong>Online payments<\/strong><\/p>\n<ul>\n<li><a href=\"https:\/\/www.entrio.ba\/event\/ljubuski-outdoor-festival-2024-17220\" target=\"_blank\" rel=\"noopener\">Through the online service entrio.ba<\/a><\/li>\n<\/ul>\n<\/li>\n<\/ul>\n<\/li>\n<\/ul>\n<p>[\/et_pb_accordion_item][\/et_pb_accordion][\/et_pb_column][\/et_pb_row][\/et_pb_section][et_pb_section fb_built=&#8221;1&#8243; custom_padding_last_edited=&#8221;off|desktop&#8221; admin_label=&#8221;Header&#8221; _builder_version=&#8221;4.14.7&#8243; background_color_gradient_direction=&#8221;188deg&#8221; background_enable_image=&#8221;off&#8221; background_size=&#8221;initial&#8221; background_repeat=&#8221;repeat&#8221; width=&#8221;100%&#8221; custom_padding_tablet=&#8221;5vw||5vw||true&#8221; locked=&#8221;off&#8221; global_colors_info=&#8221;{}&#8221;][et_pb_row use_custom_gutter=&#8221;on&#8221; make_equal=&#8221;on&#8221; _builder_version=&#8221;4.14.7&#8243; _module_preset=&#8221;default&#8221; width=&#8221;90%&#8221; width_tablet=&#8221;90%&#8221; width_phone=&#8221;90%&#8221; width_last_edited=&#8221;on|tablet&#8221; max_width_tablet=&#8221;&#8221; max_width_phone=&#8221;&#8221; max_width_last_edited=&#8221;on|phone&#8221; custom_margin=&#8221;|auto|-1px|auto|false|false&#8221; custom_padding=&#8221;0px||0px||true|false&#8221; global_colors_info=&#8221;{}&#8221;][et_pb_column type=&#8221;4_4&#8243; _builder_version=&#8221;4.14.7&#8243; _module_preset=&#8221;default&#8221; background_enable_image=&#8221;off&#8221; animation_style=&#8221;zoom&#8221; animation_direction=&#8221;left&#8221; animation_duration=&#8221;1500ms&#8221; animation_delay=&#8221;500ms&#8221; animation_speed_curve=&#8221;ease&#8221; global_colors_info=&#8221;{}&#8221;][et_pb_text _builder_version=&#8221;4.14.8&#8243; _module_preset=&#8221;81971a75-841c-49d0-bfb5-1ec934ba9dc0&#8243; header_4_font=&#8221;|800|on|on|||||&#8221; header_4_text_color=&#8221;#FFFFFF&#8221; header_4_font_size=&#8221;120px&#8221; header_4_line_height=&#8221;1.1em&#8221; text_orientation=&#8221;center&#8221; width=&#8221;100%&#8221; custom_margin=&#8221;||-80px||false|false&#8221; custom_margin_tablet=&#8221;||-50px||false|false&#8221; custom_margin_phone=&#8221;||-20px||false|false&#8221; custom_margin_last_edited=&#8221;on|phone&#8221; header_4_font_size_tablet=&#8221;80px&#8221; header_4_font_size_phone=&#8221;26px&#8221; header_4_font_size_last_edited=&#8221;on|phone&#8221; header_4_text_shadow_style=&#8221;preset3&#8243; header_4_text_shadow_blur_strength=&#8221;0.01em&#8221; header_4_text_shadow_color=&#8221;#000000&#8243; header_4_text_shadow_blur_strength_tablet=&#8221;&#8221; header_4_text_shadow_blur_strength_phone=&#8221;0.03em&#8221; header_4_text_shadow_blur_strength_last_edited=&#8221;on|phone&#8221; global_colors_info=&#8221;{}&#8221;]<\/p>\n<h4>KOSA\u010cA<\/h4>\n<p>[\/et_pb_text][et_pb_divider show_divider=&#8221;off&#8221; disabled_on=&#8221;on|on|off&#8221; _builder_version=&#8221;4.14.7&#8243; _module_preset=&#8221;default&#8221; custom_padding_tablet=&#8221;35%||35%||true|false&#8221; custom_padding_phone=&#8221;35%||35%||true|false&#8221; custom_padding_last_edited=&#8221;on|phone&#8221; global_colors_info=&#8221;{}&#8221;][\/et_pb_divider][et_pb_text module_class=&#8221;biciklizam&#8221; _builder_version=&#8221;4.14.7&#8243; _module_preset=&#8221;33d8ed47-9575-4183-ae48-b1d6c4145db4&#8243; text_line_height=&#8221;1.1em&#8221; header_2_font=&#8221;|700|on|on|||||&#8221; header_2_text_color=&#8221;#7FBE69&#8243; header_2_font_size=&#8221;60px&#8221; header_2_line_height=&#8221;0.9em&#8221; text_orientation=&#8221;center&#8221; custom_margin=&#8221;||6px|||&#8221; header_2_font_size_tablet=&#8221;32px&#8221; header_2_font_size_phone=&#8221;32px&#8221; header_2_font_size_last_edited=&#8221;on|phone&#8221; locked=&#8221;off&#8221; global_colors_info=&#8221;{}&#8221;]<\/p>\n<h2>Photo gallery<\/h2>\n<p>[\/et_pb_text][\/et_pb_column][\/et_pb_row][et_pb_row _builder_version=&#8221;4.14.8&#8243; module_alignment=&#8221;center&#8221; global_colors_info=&#8221;{}&#8221;][et_pb_column type=&#8221;4_4&#8243; _builder_version=&#8221;3.25&#8243; custom_padding=&#8221;|||&#8221; global_colors_info=&#8221;{}&#8221; custom_padding__hover=&#8221;|||&#8221;][et_pb_gallery gallery_ids=&#8221;2027,2029,2031,2033,2035,2037,2039,2041,2043,2045,2047,2049,2051,2053,2055,2058,2060,2062,2064,2066,2068,2070&#8243; posts_number=&#8221;16&#8243; dbdb_version=&#8221;4.0.1&#8243; show_title_and_caption=&#8221;off&#8221; zoom_icon_color=&#8221;RGBA(255,255,255,0)&#8221; hover_overlay_color=&#8221;rgba(127,190,105,0.15)&#8221; _builder_version=&#8221;4.14.8&#8243; _module_preset=&#8221;default&#8221; custom_padding=&#8221;60px||||false|false&#8221; global_colors_info=&#8221;{}&#8221; border_radii__hover_enabled=&#8221;on|hover&#8221; border_radii__hover=&#8221;on|15px|15px|15px|15px&#8221;][\/et_pb_gallery][\/et_pb_column][\/et_pb_row][\/et_pb_section][et_pb_section fb_built=&#8221;1&#8243; _builder_version=&#8221;4.14.7&#8243; _module_preset=&#8221;default&#8221; background_color=&#8221;RGBA(255,255,255,0)&#8221; background_enable_image=&#8221;off&#8221; background_position=&#8221;bottom_center&#8221; custom_padding=&#8221;0px||60px||false|false&#8221; global_colors_info=&#8221;{}&#8221;][et_pb_row use_custom_gutter=&#8221;on&#8221; make_equal=&#8221;on&#8221; _builder_version=&#8221;4.14.7&#8243; _module_preset=&#8221;default&#8221; width=&#8221;90%&#8221; width_tablet=&#8221;90%&#8221; width_phone=&#8221;90%&#8221; width_last_edited=&#8221;on|tablet&#8221; max_width_tablet=&#8221;&#8221; max_width_phone=&#8221;&#8221; max_width_last_edited=&#8221;on|phone&#8221; custom_margin=&#8221;||60px||false|false&#8221; custom_padding=&#8221;0px||0px||true|false&#8221; global_colors_info=&#8221;{}&#8221;][et_pb_column type=&#8221;4_4&#8243; _builder_version=&#8221;4.14.7&#8243; _module_preset=&#8221;default&#8221; background_enable_image=&#8221;off&#8221; animation_style=&#8221;zoom&#8221; animation_direction=&#8221;left&#8221; animation_duration=&#8221;1500ms&#8221; animation_delay=&#8221;500ms&#8221; animation_speed_curve=&#8221;ease&#8221; global_colors_info=&#8221;{}&#8221;][et_pb_text _builder_version=&#8221;4.14.7&#8243; _module_preset=&#8221;81971a75-841c-49d0-bfb5-1ec934ba9dc0&#8243; header_4_font=&#8221;|800|on|on|||||&#8221; header_4_text_color=&#8221;#FFFFFF&#8221; header_4_font_size=&#8221;120px&#8221; header_4_line_height=&#8221;1.1em&#8221; text_orientation=&#8221;center&#8221; width=&#8221;100%&#8221; custom_margin=&#8221;||-80px||false|false&#8221; custom_margin_tablet=&#8221;||-50px||false|false&#8221; custom_margin_phone=&#8221;||-20px||false|false&#8221; custom_margin_last_edited=&#8221;on|phone&#8221; header_4_font_size_tablet=&#8221;80px&#8221; header_4_font_size_phone=&#8221;26px&#8221; header_4_font_size_last_edited=&#8221;on|phone&#8221; header_4_text_shadow_style=&#8221;preset3&#8243; header_4_text_shadow_blur_strength=&#8221;0.01em&#8221; header_4_text_shadow_color=&#8221;#000000&#8243; header_4_text_shadow_blur_strength_tablet=&#8221;&#8221; header_4_text_shadow_blur_strength_phone=&#8221;0.03em&#8221; header_4_text_shadow_blur_strength_last_edited=&#8221;on|phone&#8221; global_colors_info=&#8221;{}&#8221;]<\/p>\n<h4>LJOF<\/h4>\n<p>[\/et_pb_text][et_pb_divider show_divider=&#8221;off&#8221; disabled_on=&#8221;on|on|off&#8221; _builder_version=&#8221;4.14.7&#8243; _module_preset=&#8221;default&#8221; custom_padding_tablet=&#8221;35%||35%||true|false&#8221; custom_padding_phone=&#8221;35%||35%||true|false&#8221; custom_padding_last_edited=&#8221;on|phone&#8221; global_colors_info=&#8221;{}&#8221;][\/et_pb_divider][et_pb_text module_class=&#8221;biciklizam&#8221; _builder_version=&#8221;4.14.7&#8243; _module_preset=&#8221;33d8ed47-9575-4183-ae48-b1d6c4145db4&#8243; text_line_height=&#8221;1.1em&#8221; header_2_font=&#8221;|700|on|on|||||&#8221; header_2_text_color=&#8221;#7FBE69&#8243; header_2_font_size=&#8221;60px&#8221; header_2_line_height=&#8221;0.9em&#8221; text_orientation=&#8221;center&#8221; custom_margin=&#8221;||6px|||&#8221; header_2_font_size_tablet=&#8221;32px&#8221; header_2_font_size_phone=&#8221;32px&#8221; header_2_font_size_last_edited=&#8221;on|phone&#8221; locked=&#8221;off&#8221; global_colors_info=&#8221;{}&#8221;]<\/p>\n<h2>News and Announcements<\/h2>\n<p>[\/et_pb_text][et_pb_blog fullwidth=&#8221;off&#8221; posts_number=&#8221;9&#8243; include_categories=&#8221;all&#8221; show_more=&#8221;on&#8221; show_author=&#8221;off&#8221; show_date=&#8221;off&#8221; show_categories=&#8221;off&#8221; show_pagination=&#8221;off&#8221; use_overlay=&#8221;on&#8221; overlay_icon_color=&#8221;RGBA(255,255,255,0)&#8221; hover_overlay_color=&#8221;rgba(127,190,105,0.19)&#8221; _builder_version=&#8221;4.14.7&#8243; _module_preset=&#8221;default&#8221; header_font=&#8221;|600||on|||||&#8221; read_more_font=&#8221;|||on|||||&#8221; read_more_text_color=&#8221;#6D9ACE&#8221; width_tablet=&#8221;90%&#8221; width_phone=&#8221;90%&#8221; width_last_edited=&#8221;on|tablet&#8221; module_alignment=&#8221;center&#8221; custom_padding=&#8221;60px||||false|false&#8221; animation_style=&#8221;fade&#8221; custom_css_content=&#8221;min-height: 275px !important;&#8221; locked=&#8221;off&#8221; global_colors_info=&#8221;{}&#8221; border_radii__hover_enabled=&#8221;on|desktop&#8221; border_radii__hover=&#8221;on|10px|10px|10px|10px&#8221;][\/et_pb_blog][\/et_pb_column][\/et_pb_row][\/et_pb_section]<\/p>\n","protected":false},"excerpt":{"rendered":"<p>Date and time of the event: Saturday 24.5. \u2013 9:00 a.mStart &#8211; Finish: Paragliding takeoff point &#8220;Obale&#8221; Radi\u0161i\u0107i &#8211; LJUBU\u0160KO POLJEAge: 18+ Applications: until 10.5.Precision landing is a competition in which flyers try to be as accurate as possible in several consecutive series. more precise when landing on a marked spot on the landing field. [&hellip;]<\/p>\n","protected":false},"author":1,"featured_media":0,"parent":1306,"menu_order":0,"comment_status":"closed","ping_status":"closed","template":"","meta":{"_et_pb_use_builder":"on","_et_pb_old_content":"","_et_gb_content_width":"","footnotes":""},"class_list":["post-1297","page","type-page","status-publish","hentry"],"_links":{"self":[{"href":"https:\/\/ljof.ba\/en\/wp-json\/wp\/v2\/pages\/1297","targetHints":{"allow":["GET"]}}],"collection":[{"href":"https:\/\/ljof.ba\/en\/wp-json\/wp\/v2\/pages"}],"about":[{"href":"https:\/\/ljof.ba\/en\/wp-json\/wp\/v2\/types\/page"}],"author":[{"embeddable":true,"href":"https:\/\/ljof.ba\/en\/wp-json\/wp\/v2\/users\/1"}],"replies":[{"embeddable":true,"href":"https:\/\/ljof.ba\/en\/wp-json\/wp\/v2\/comments?post=1297"}],"version-history":[{"count":8,"href":"https:\/\/ljof.ba\/en\/wp-json\/wp\/v2\/pages\/1297\/revisions"}],"predecessor-version":[{"id":2353,"href":"https:\/\/ljof.ba\/en\/wp-json\/wp\/v2\/pages\/1297\/revisions\/2353"}],"up":[{"embeddable":true,"href":"https:\/\/ljof.ba\/en\/wp-json\/wp\/v2\/pages\/1306"}],"wp:attachment":[{"href":"https:\/\/ljof.ba\/en\/wp-json\/wp\/v2\/media?parent=1297"}],"curies":[{"name":"wp","href":"https:\/\/api.w.org\/{rel}","templated":true}]}}